{"id":12,"date":"2024-07-04T12:29:01","date_gmt":"2024-07-04T12:29:01","guid":{"rendered":"http:\/\/www.avonhurt.com\/?page_id=12"},"modified":"2024-07-17T11:19:42","modified_gmt":"2024-07-17T11:19:42","slug":"strona-glowna","status":"publish","type":"page","link":"https:\/\/www.avonhurt.com\/","title":{"rendered":"Strona g\u0142\u00f3wna"},"content":{"rendered":"<p><section id=\"hero-bg\" class=\"fw-main-row  \" role=\"\" style=\"background-color:#dddddd;background-image:url(http:\/\/www.avonhurt.com\/wp-content\/uploads\/2024\/07\/hero_bg_hurtownia_avon.jpg);\" >\n\t<div class=\"fw-container\">\n\t\t\n<div class=\"row\">\n\t<div class=\"col-xs-12 col-sm-12\">\n\t\n\n\n<div class=\"hero-container\"><h1 id=\"animated-header\">Hurtownia Kosmetyk\u00f3w i Perfum Avon<\/h1><h4>Tanie Kosmetyki i Perfumy Avon na Faktur\u0119 Bez Rejestracji<\/h4><\/div>\n<\/div>\n<\/div>\n\n\t<\/div>\n<\/section>\n<section id=\"wyrozniki\" class=\"fw-main-row  \" role=\"\"  >\n\t<div class=\"fw-container\">\n\t\t\n<div class=\"row\">\n\t<div class=\"col-xs-12 col-sm-4\">\n\t\n\n\n<div class=\"discriminant second-color discriminant1\"><h3>Rabaty do 40%<\/h3><\/div>\n<\/div>\n<div class=\"col-xs-12 col-sm-4\">\n\t\n\n\n<div class=\"discriminant discriminant2\"><h3>Faktura VAT<\/h3><div id=\"gtx-trans\" style=\"position: absolute; left: -115px; top: -6.28125px;\"><div class=\"gtx-trans-icon\"><\/div><\/div><\/div>\n<\/div>\n<div class=\"col-xs-12 col-sm-4\">\n\t\n\n\n<div class=\"discriminant discriminant3\"><h3>Bez rejestracji<\/h3><div id=\"gtx-trans\" style=\"position: absolute; left: -194px; top: -6.28125px;\"><div class=\"gtx-trans-icon\"><\/div><\/div><\/div>\n<\/div>\n<\/div>\n\n\t<\/div>\n<\/section>\n<section id=\"oferta\" class=\"fw-main-row  \" role=\"\"  >\n\t<div class=\"fw-container\">\n\t\t\n<div class=\"row\">\n\t<div class=\"col-xs-12 col-sm-6\">\n\t<img decoding=\"async\" src=\"\/\/www.avonhurt.com\/wp-content\/uploads\/2024\/07\/avonhurt-1.jpg\" alt=\"\/\/www.avonhurt.com\/wp-content\/uploads\/2024\/07\/avonhurt-1.jpg\" \/><\/div>\n<div class=\"col-xs-12 col-sm-6\">\n\t<div class=\"fw-heading fw-heading-h2 \">\n\t\t<h2 class='fw-special-title'>Prowadzisz w\u0142asn\u0105 dzia\u0142alno\u015b\u0107? Rozwi\u0144 swoj\u0105 ofert\u0119 <span>z kosmetykami AVON<\/span><\/h2>\t\t\t<div class=\"fw-special-subtitle\">Prowadzisz sklepik osiedlowy, drogeri\u0119, salon kosmetyczny, kwiaciarni\u0119, aptek\u0119?<\/div>\n\t<\/div><p>Rozszerz swoj\u0105 ofert\u0119 - postaw na znane i lubiane <strong>kosmetyki AVON<\/strong>, kt\u00f3re przyci\u0105gn\u0105 do Ciebie nowych klient\u00f3w i zwi\u0119ksz\u0105 sprzeda\u017c. Nie musisz rejestrowa\u0107 si\u0119 jako konsultantka, aby zamawia\u0107 u nas produkty AVON. Wystarczy, \u017ce <strong>skontaktujesz si\u0119 z nami<\/strong> telefonicznie, mailowo lub wype\u0142nisz formularz kontaktowy na naszej stronie, a my zajmiemy si\u0119 reszt\u0105. Wysoka jako\u015b\u0107 produkt\u00f3w w po\u0142\u0105czeniu z <strong>atrakcyjnymi cenami<\/strong> sprawi, \u017ce kosmetyki AVON stan\u0105 si\u0119 hitem w Twojej dzia\u0142alno\u015bci i <strong>dodatkowym \u017ar\u00f3d\u0142em dochodu<\/strong>.<\/p><\/div>\n<\/div>\n\n\t<\/div>\n<\/section>\n<section id=\"section-icons\" class=\"fw-main-row  \" role=\"\"  >\n\t<div class=\"fw-container-fluid\">\n\t\t\n<div class=\"row\">\n\t<div class=\"col-xs-12 col-sm-6 col-md-3\">\n\t\n<div class=\"thumbnail\">\n      <div class=\"img-box\">\n          <img decoding=\"async\" src=\"\/\/www.avonhurt.com\/wp-content\/uploads\/2024\/07\/wygodne_zamowienie.svg\" alt=\"Wygoda zamawiania \"\/>\n      <\/div>\n      <div class=\"caption\">\n        <h3>Wygoda zamawiania <\/h3>\n        <p>U nas zam\u00f3wisz kosmetyki w \u0142atwy spos\u00f3b - przez telefon, mailowo lub za pomoc\u0105 formularza.<\/p>\n      <\/div>\n<\/div><\/div>\n<div class=\"col-xs-12 col-sm-6 col-md-3\">\n\t\n<div class=\"thumbnail\">\n      <div class=\"img-box\">\n          <img decoding=\"async\" src=\"\/\/www.avonhurt.com\/wp-content\/uploads\/2024\/07\/doradztwo.svg\" alt=\"Doradztwo\"\/>\n      <\/div>\n      <div class=\"caption\">\n        <h3>Doradztwo<\/h3>\n        <p>Doradzimy Ci, jakie produkty sprzedaj\u0105 si\u0119 najlepiej i kt\u00f3re b\u0119d\u0105 idealne dla Twojego biznesu.<\/p>\n      <\/div>\n<\/div><\/div>\n<div class=\"col-xs-12 col-sm-6 col-md-3\">\n\t\n<div class=\"thumbnail\">\n      <div class=\"img-box\">\n          <img decoding=\"async\" src=\"\/\/www.avonhurt.com\/wp-content\/uploads\/2024\/07\/elastyczne_rozliczenie.svg\" alt=\"Elastyczne rozliczenia \"\/>\n      <\/div>\n      <div class=\"caption\">\n        <h3>Elastyczne rozliczenia <\/h3>\n        <p>Wystawiamy faktury VAT, dla sta\u0142ych klient\u00f3w oferujemy mo\u017cliwo\u015b\u0107 odroczonych p\u0142atno\u015bci.<\/p>\n      <\/div>\n<\/div><\/div>\n<div class=\"col-xs-12 col-sm-6 col-md-3\">\n\t\n<div class=\"thumbnail\">\n      <div class=\"img-box\">\n          <img decoding=\"async\" src=\"\/\/www.avonhurt.com\/wp-content\/uploads\/2024\/07\/bezpieczne_zakupy2.svg\" alt=\"Brak ryzyka\"\/>\n      <\/div>\n      <div class=\"caption\">\n        <h3>Brak ryzyka<\/h3>\n        <p>Martwisz si\u0119, \u017ce nie sprzedasz? Nie przejmuj si\u0119, masz prawo do zwrotu do 7 dni od zakupu.<\/p>\n      <\/div>\n<\/div><\/div>\n<\/div>\n\n\t<\/div>\n<\/section>\n<section id=\"zamow-cta\" class=\"fw-main-row  \" role=\"\" style=\"background-color:#e7ebef;background-image:url(http:\/\/www.avonhurt.com\/wp-content\/uploads\/2024\/07\/cta_banner.jpg);\" >\n\t<div class=\"fw-container\">\n\t\t\n<div class=\"row\">\n\t<div class=\"col-xs-12 col-sm-6\">\n\t\n\n\n<div class=\"text-cta\"><h2>Zamawiaj produkty <span>AVON<\/span><\/h2><p>Ni\u017csze ceny, <strong>rabaty nawet do 40%<\/strong>.<\/p><p><strong>Faktur\u0119 VAT<\/strong> i wygodne formy p\u0142atno\u015bci.<\/p><p>Skontaktuj si\u0119 z nami telefonicznie<br \/><strong>507 169 587<\/strong> lub za pomoc\u0105 <strong>formularza kontaktowego<\/strong><\/p><\/div>\n<\/div>\n<div class=\"col-xs-12 col-sm-6\">\n\t\n\n\n<div class=\"formularz\"><p><div class=\"wpforms-container wpforms-container-full wpforms-render-modern\" id=\"wpforms-53\"><form id=\"wpforms-form-53\" class=\"wpforms-validate wpforms-form wpforms-ajax-form\" data-formid=\"53\" method=\"post\" enctype=\"multipart\/form-data\" action=\"\/index.php\/wp-json\/wp\/v2\/pages\/12\" data-token=\"6958463b7e6a04f226a34298e1372aa4\" data-token-time=\"1776403530\"><noscript class=\"wpforms-error-noscript\">Aby wype\u0142ni\u0107 ten formularz, w\u0142\u0105cz obs\u0142ug\u0119 JavaScript w przegl\u0105darce.<\/noscript><div class=\"wpforms-hidden\" id=\"wpforms-error-noscript\">Aby wype\u0142ni\u0107 ten formularz, w\u0142\u0105cz obs\u0142ug\u0119 JavaScript w przegl\u0105darce.<\/div><div class=\"wpforms-field-container\"><div id=\"wpforms-53-field_0-container\" class=\"wpforms-field wpforms-field-name\" data-field-id=\"0\"><fieldset><legend class=\"wpforms-field-label wpforms-label-hide\" aria-hidden=\"false\">Imi\u0119 i nazwisko <span class=\"wpforms-required-label\" aria-hidden=\"true\">*<\/span><\/legend><div class=\"wpforms-field-row wpforms-field-large\"><div class=\"wpforms-field-row-block wpforms-first wpforms-one-half\"><input type=\"text\" id=\"wpforms-53-field_0\" class=\"wpforms-field-name-first wpforms-field-required\" name=\"wpforms[fields][0][first]\" placeholder=\"Imi\u0119\" aria-errormessage=\"wpforms-53-field_0-error\" required><label for=\"wpforms-53-field_0\" class=\"wpforms-field-sublabel after wpforms-sublabel-hide\">Imi\u0119<\/label><\/div><div class=\"wpforms-field-row-block wpforms-one-half\"><input type=\"text\" id=\"wpforms-53-field_0-last\" class=\"wpforms-field-name-last wpforms-field-required\" name=\"wpforms[fields][0][last]\" placeholder=\"Nazwisko\" aria-errormessage=\"wpforms-53-field_0-last-error\" required><label for=\"wpforms-53-field_0-last\" class=\"wpforms-field-sublabel after wpforms-sublabel-hide\">Nazwisko<\/label><\/div><\/div><\/fieldset><\/div><div id=\"wpforms-53-field_3-container\" class=\"wpforms-field wpforms-field-text wpforms-one-half wpforms-first\" data-field-id=\"3\"><label class=\"wpforms-field-label wpforms-label-hide\" for=\"wpforms-53-field_3\" aria-hidden=\"false\">Telefon <span class=\"wpforms-required-label\" aria-hidden=\"true\">*<\/span><\/label><input type=\"text\" id=\"wpforms-53-field_3\" class=\"wpforms-field-large wpforms-field-required\" name=\"wpforms[fields][3]\" placeholder=\"Telefon\" aria-errormessage=\"wpforms-53-field_3-error\" required><\/div><div id=\"wpforms-53-field_1-container\" class=\"wpforms-field wpforms-field-email wpforms-one-half\" data-field-id=\"1\"><label class=\"wpforms-field-label wpforms-label-hide\" for=\"wpforms-53-field_1\" aria-hidden=\"false\">Adres e-mail <span class=\"wpforms-required-label\" aria-hidden=\"true\">*<\/span><\/label><input type=\"email\" id=\"wpforms-53-field_1\" class=\"wpforms-field-large wpforms-field-required\" name=\"wpforms[fields][1]\" placeholder=\"E-mail\" spellcheck=\"false\" aria-errormessage=\"wpforms-53-field_1-error\" required><\/div><div id=\"wpforms-53-field_2-container\" class=\"wpforms-field wpforms-field-textarea\" data-field-id=\"2\"><label class=\"wpforms-field-label wpforms-label-hide\" for=\"wpforms-53-field_2\" aria-hidden=\"false\">Komentarz lub wiadomo\u015b\u0107<\/label><textarea id=\"wpforms-53-field_2\" class=\"wpforms-field-large\" name=\"wpforms[fields][2]\" placeholder=\"Tre\u015b\u0107 wiadomo\u015bci\" aria-errormessage=\"wpforms-53-field_2-error\" ><\/textarea><\/div><\/div><!-- .wpforms-field-container --><div class=\"wpforms-submit-container\" ><input type=\"hidden\" name=\"wpforms[id]\" value=\"53\"><input type=\"hidden\" name=\"page_title\" value=\"\"><input type=\"hidden\" name=\"page_url\" value=\"https:\/\/www.avonhurt.com\/index.php\/wp-json\/wp\/v2\/pages\/12\"><button type=\"submit\" name=\"wpforms[submit]\" id=\"wpforms-submit-53\" class=\"wpforms-submit fw-btn-zapytanie\" data-alt-text=\"Wysy\u0142anie...\" data-submit-text=\"Skontaktuj si\u0119 z nami\" aria-live=\"assertive\" value=\"wpforms-submit\">Skontaktuj si\u0119 z nami<\/button><img loading=\"lazy\" decoding=\"async\" src=\"https:\/\/www.avonhurt.com\/wp-content\/plugins\/wpforms-lite\/assets\/images\/submit-spin.svg\" class=\"wpforms-submit-spinner\" style=\"display: none;\" width=\"26\" height=\"26\" alt=\"Wczytywanie\"><\/div><\/form><\/div>  <!-- .wpforms-container --><\/p><\/div>\n<\/div>\n<\/div>\n\n\t<\/div>\n<\/section>\n<section id=\"korzysci\" class=\"fw-main-row  \" role=\"\"  >\n\t<div class=\"fw-container-fluid\">\n\t\t\n<div class=\"row\">\n\t<div class=\"col-xs-12 col-sm-12\">\n\t<div class=\"fw-heading fw-heading-h2 fw-heading-center\">\n\t\t<h2 class='fw-special-title'> <span>Kosmetyki AVON<\/span> dla firm i pracownik\u00f3w<\/h2>\t\t\t<div class=\"fw-special-subtitle\">Je\u015bli prowadzisz firm\u0119 i chcesz zakupi\u0107 kosmetyki AVON jako prezenty dla swoich pracownik\u00f3w lub jako \u015brodki do pracy, jeste\u015bmy idealnym partnerem dla Ciebie.  Avon oferuje produkty najwy\u017cszej jako\u015bci w atrakcyjnych cenach, kt\u00f3re sprawi\u0105, \u017ce Twoi pracownicy poczuj\u0105 si\u0119 docenieni.<\/div>\n\t<\/div><\/div>\n<\/div>\n\n\n<div class=\"row\">\n\t<div class=\"col-xs-12 col-sm-4\">\n\t\n<div class=\"thumbnail\">\n      <div class=\"img-box\">\n          <img decoding=\"async\" src=\"\/\/www.avonhurt.com\/wp-content\/uploads\/2024\/07\/prezenty_motywacja.svg\" alt=\"Prezenty i motywacja \"\/>\n      <\/div>\n      <div class=\"caption\">\n        <h3>Prezenty i motywacja <\/h3>\n        <p>Kosmetyki Avon s\u0105 idealne na prezenty \u015bwi\u0105teczne, urodzinowe czy jubileuszowe. Przygotowujemy tak\u017ce indywidualne opakowania.<\/p>\n      <\/div>\n<\/div>\n<div class=\"thumbnail\">\n      <div class=\"img-box\">\n          <img decoding=\"async\" src=\"\/\/www.avonhurt.com\/wp-content\/uploads\/2024\/07\/srodki_do_pracy.svg\" alt=\"\u015arodki do pracy\"\/>\n      <\/div>\n      <div class=\"caption\">\n        <h3>\u015arodki do pracy<\/h3>\n        <p>Myd\u0142a, kremy i inne kosmetyki Avon doskonale nadaj\u0105 si\u0119 jako \u015brodki ochrony osobistej lub wyposa\u017cenie biur i zak\u0142ad\u00f3w pracy.<\/p>\n      <\/div>\n<\/div><\/div>\n<div class=\"col-xs-12 col-sm-4\">\n\t<img decoding=\"async\" src=\"\/\/www.avonhurt.com\/wp-content\/uploads\/2024\/07\/profity-1.jpg\" alt=\"\/\/www.avonhurt.com\/wp-content\/uploads\/2024\/07\/profity-1.jpg\" \/><\/div>\n<div class=\"col-xs-12 col-sm-4\">\n\t\n<div class=\"thumbnail\">\n      <div class=\"img-box\">\n          <img decoding=\"async\" src=\"\/\/www.avonhurt.com\/wp-content\/uploads\/2024\/07\/elastyczne_zamowienie.svg\" alt=\"Elastyczne zam\u00f3wienia \"\/>\n      <\/div>\n      <div class=\"caption\">\n        <h3>Elastyczne zam\u00f3wienia <\/h3>\n        <p>Brak konieczno\u015bci regularnych zam\u00f3wie\u0144 lub minimalnej kwoty zam\u00f3wienia - zamawiasz, kiedy potrzebujesz i ile potrzebujesz.<\/p>\n      <\/div>\n<\/div>\n<div class=\"thumbnail\">\n      <div class=\"img-box\">\n          <img decoding=\"async\" src=\"\/\/www.avonhurt.com\/wp-content\/uploads\/2024\/07\/bezpieczne_zakupy1.svg\" alt=\"Bezpieczne zakupy\"\/>\n      <\/div>\n      <div class=\"caption\">\n        <h3>Bezpieczne zakupy<\/h3>\n        <p>Wystawiamy faktury VAT, dla sta\u0142ych klient\u00f3w oferujemy mo\u017cliwo\u015b\u0107 odroczonych p\u0142atno\u015bci. <\/p>\n      <\/div>\n<\/div><\/div>\n<\/div>\n\n\t<\/div>\n<\/section>\n<section id=\"\" class=\"fw-main-row  \" role=\"\"  >\n\t<div class=\"fw-container-fluid\">\n\t\t\n<div class=\"row\">\n\t<div class=\"col-xs-12 col-sm-12\">\n\t<div class=\"fw-heading fw-heading-h2 fw-heading-center\">\n\t\t<h2 class='fw-special-title'>AVON to szeroki wyb\u00f3r produkt\u00f3w <span>w atrakcyjnych cenach.<\/span><\/h2>\t<\/div><\/div>\n<\/div>\n\n\n<div class=\"row\">\n\t<div class=\"col-xs-12 col-sm-4\">\n\t\n\n<div class=\"hover-box\" style=\"background-image: url(\/\/www.avonhurt.com\/wp-content\/uploads\/2024\/07\/avonhurt_perfumy.jpg); background-color:rgba(51,51,51,1);\">\n       <div class=\"nakladka\"><\/div>\n       <div class=\"hover-box-caption\">\n        <h3>Perfumy<\/h3>\n        <p>Znajdziesz tu szerok\u0105 gam\u0119 zapach\u00f3w zar\u00f3wno dla kobiet, m\u0119\u017cczyzn a tak\u017ce dla dzieci.<\/p>\n        <\/div> \n<\/div>\n\n\n<\/div>\n<div class=\"col-xs-12 col-sm-4\">\n\t\n\n<div class=\"hover-box\" style=\"background-image: url(\/\/www.avonhurt.com\/wp-content\/uploads\/2024\/07\/pielegnacja_avon.jpg); background-color:rgba(51,51,51,1);\">\n       <div class=\"nakladka\"><\/div>\n       <div class=\"hover-box-caption\">\n        <h3>Kosmetyki piel\u0119gnacyjne<\/h3>\n        <p>Kremy do twarzy, balsamy do cia\u0142a, \u017cele pod prysznic, myd\u0142a i wiele wi\u0119cej.<\/p>\n        <\/div> \n<\/div>\n\n\n<\/div>\n<div class=\"col-xs-12 col-sm-4\">\n\t\n\n<div class=\"hover-box\" style=\"background-image: url(\/\/www.avonhurt.com\/wp-content\/uploads\/2024\/07\/avonhurt_makeup.jpg); background-color:rgba(51,51,51,1);\">\n       <div class=\"nakladka\"><\/div>\n       <div class=\"hover-box-caption\">\n        <h3>Make-up<\/h3>\n        <p>Podk\u0142ady, tusze do rz\u0119s, kredki, kontur\u00f3wki, szminki, cienie, pudry i inne.<\/p>\n        <\/div> \n<\/div>\n\n\n<\/div>\n<\/div>\n\n\n<div class=\"row\">\n\t<div class=\"col-xs-12 col-sm-4\">\n\t\n\n<div class=\"hover-box\" style=\"background-image: url(\/\/www.avonhurt.com\/wp-content\/uploads\/2024\/07\/avonhurt_akcesoria.jpg); background-color:rgba(51,51,51,1);\">\n       <div class=\"nakladka\"><\/div>\n       <div class=\"hover-box-caption\">\n        <h3>Akcesoria kosmetyczne <\/h3>\n        <p>P\u0119dzle, g\u0105bki, kosmetyczki, lusterka i wiele innych.<\/p>\n        <\/div> \n<\/div>\n\n\n<\/div>\n<div class=\"col-xs-12 col-sm-4\">\n\t\n\n<div class=\"hover-box\" style=\"background-image: url(\/\/www.avonhurt.com\/wp-content\/uploads\/2024\/07\/avonhurt_oferta_sezonowa.jpg); background-color:rgba(51,51,51,1);\">\n       <div class=\"nakladka\"><\/div>\n       <div class=\"hover-box-caption\">\n        <h3>Oferty sezonowe <\/h3>\n        <p>Skorzystaj ze specjalnych ofert, kt\u00f3re gwarantuj\u0105 Ci jeszcze wi\u0119ksz\u0105 zni\u017ck\u0119.<\/p>\n        <\/div> \n<\/div>\n\n\n<\/div>\n<div class=\"col-xs-12 col-sm-4\">\n\t\n\n<div class=\"hover-box\" style=\"background-image: url(\/\/www.avonhurt.com\/wp-content\/uploads\/2024\/07\/avonhurt_prezenty.jpg); background-color:rgba(51,51,51,1);\">\n       <div class=\"nakladka\"><\/div>\n       <div class=\"hover-box-caption\">\n        <h3>Prezenty <\/h3>\n        <p>Kosmetyki Avon s\u0105 idealne na prezenty \u015bwi\u0105teczne, urodzinowe czy jubileuszowe. Przygotowujemy tak\u017ce indywidualne opakowania.<\/p>\n        <\/div> \n<\/div>\n\n\n<\/div>\n<\/div>\n\n\t<\/div>\n<\/section>\n<section id=\"avon-expert\" class=\"fw-main-row  dark-section\" role=\"\" style=\"background-image:url(http:\/\/www.avonhurt.com\/wp-content\/uploads\/2024\/07\/avonhurt_blur_sklep.jpg);\" >\n\t<div class=\"fw-container-fluid\">\n\t\t\n<div class=\"row\">\n\t<div class=\"col-xs-12 col-sm-12\">\n\t<div class=\"fw-heading fw-heading-h2 fw-heading-center\">\n\t\t<h2 class='fw-special-title'>Sklep online Avonexpert.pl<\/h2>\t\t\t<div class=\"fw-special-subtitle\">Odwied\u017a nasz detaliczny sklep online - wybierz produkty, dodaj do koszyka i z\u0142\u00f3\u017c zam\u00f3wienie bez wychodzenia z domu.<\/div>\n\t<\/div><a href=\"https:\/\/avonexpert.pl\/\" target=\"_self\" class=\"fw-btn fw-btn-1 \">\n\t<span>SKLEP ONLINE<\/span>\n<\/a><\/div>\n<\/div>\n\n\t<\/div>\n<\/section>\n<section id=\"dostawy-platnosci\" class=\"fw-main-row  \" role=\"\"  >\n\t<div class=\"fw-container\">\n\t\t\n<div class=\"row\">\n\t<div class=\"col-xs-12 col-sm-12\">\n\t<div class=\"fw-heading fw-heading-h2 fw-heading-center\">\n\t\t<h2 class='fw-special-title'>Metody Dostaw i P\u0142atno\u015bci<\/h2>\t<\/div><\/div>\n<\/div>\n\n\n<div class=\"row\">\n\t<div class=\"col-xs-12 col-sm-2\">\n\t\n<div class=\"thumbnail-image\">\n          <img decoding=\"async\" src=\"\/\/www.avonhurt.com\/wp-content\/uploads\/2024\/07\/poczta.svg\" alt=\"Kurier\"\/>\n        <h4>Kurier<\/h4>\n<\/div><\/div>\n<div class=\"col-xs-12 col-sm-2\">\n\t\n<div class=\"thumbnail-image\">\n          <img decoding=\"async\" src=\"\/\/www.avonhurt.com\/wp-content\/uploads\/2024\/07\/przesylki_paletowe-1.svg\" alt=\"Przesy\u0142ka Paletowa\"\/>\n        <h4>Przesy\u0142ka Paletowa<\/h4>\n<\/div><\/div>\n<div class=\"col-xs-12 col-sm-2\">\n\t\n<div class=\"thumbnail-image\">\n          <img decoding=\"async\" src=\"\/\/www.avonhurt.com\/wp-content\/uploads\/2024\/07\/paczkomat.svg\" alt=\"Paczkomat\"\/>\n        <h4>Paczkomat<\/h4>\n<\/div><\/div>\n<div class=\"col-xs-12 col-sm-2\">\n\t\n<div class=\"thumbnail-image\">\n          <img decoding=\"async\" src=\"\/\/www.avonhurt.com\/wp-content\/uploads\/2024\/07\/przelew_tradycyjny.svg\" alt=\"Przelew Bankowy\"\/>\n        <h4>Przelew Bankowy<\/h4>\n<\/div><\/div>\n<div class=\"col-xs-12 col-sm-2\">\n\t\n<div class=\"thumbnail-image\">\n          <img decoding=\"async\" src=\"\/\/www.avonhurt.com\/wp-content\/uploads\/2024\/07\/przelewy.svg\" alt=\"P\u0142atno\u015bci Online\"\/>\n        <h4>P\u0142atno\u015bci Online<\/h4>\n<\/div><\/div>\n<div class=\"col-xs-12 col-sm-2\">\n\t\n<div class=\"thumbnail-image\">\n          <img decoding=\"async\" src=\"\/\/www.avonhurt.com\/wp-content\/uploads\/2024\/07\/odroczenie_platnosci.svg\" alt=\"Odroczony Termin\"\/>\n        <h4>Odroczony Termin<\/h4>\n<\/div><\/div>\n<\/div>\n\n\t<\/div>\n<\/section>\n<\/p>\n","protected":false},"excerpt":{"rendered":"<p>Hurtownia Kosmetyk\u00f3w i Perfum AvonTanie Kosmetyki i Perfumy Avon na Faktur\u0119 Bez Rejestracji Rabaty do 40% Faktura VAT Bez rejestracji<\/p>\n<div class=\"read-mode-box\"><a class=\"btn btn-default read-more\" href=\"https:\/\/www.avonhurt.com\/\">Czytaj wi\u0119cej<\/a><\/div>\n","protected":false},"author":1,"featured_media":0,"parent":0,"menu_order":0,"comment_status":"closed","ping_status":"closed","template":"","meta":{"inline_featured_image":false,"footnotes":""},"_links":{"self":[{"href":"https:\/\/www.avonhurt.com\/index.php\/wp-json\/wp\/v2\/pages\/12"}],"collection":[{"href":"https:\/\/www.avonhurt.com\/index.php\/wp-json\/wp\/v2\/pages"}],"about":[{"href":"https:\/\/www.avonhurt.com\/index.php\/wp-json\/wp\/v2\/types\/page"}],"author":[{"embeddable":true,"href":"https:\/\/www.avonhurt.com\/index.php\/wp-json\/wp\/v2\/users\/1"}],"replies":[{"embeddable":true,"href":"https:\/\/www.avonhurt.com\/index.php\/wp-json\/wp\/v2\/comments?post=12"}],"version-history":[{"count":79,"href":"https:\/\/www.avonhurt.com\/index.php\/wp-json\/wp\/v2\/pages\/12\/revisions"}],"predecessor-version":[{"id":155,"href":"https:\/\/www.avonhurt.com\/index.php\/wp-json\/wp\/v2\/pages\/12\/revisions\/155"}],"wp:attachment":[{"href":"https:\/\/www.avonhurt.com\/index.php\/wp-json\/wp\/v2\/media?parent=12"}],"curies":[{"name":"wp","href":"https:\/\/api.w.org\/{rel}","templated":true}]}}